{"id":330,"date":"2026-04-09T10:12:35","date_gmt":"2026-04-09T10:12:35","guid":{"rendered":"https:\/\/www.oreance-executives.com\/?page_id=330"},"modified":"2026-04-09T10:13:56","modified_gmt":"2026-04-09T10:13:56","slug":"legal-notices","status":"publish","type":"page","link":"https:\/\/www.oreance-executives.com\/en\/mentions-legales\/","title":{"rendered":"Legal Notices"},"content":{"rendered":"<div data-elementor-type=\"wp-page\" data-elementor-id=\"330\" class=\"elementor elementor-330\" data-elementor-post-type=\"page\">\n\t\t\t\t<div class=\"elementor-element elementor-element-85d949d e-flex e-con-boxed e-con e-parent\" data-id=\"85d949d\" data-element_type=\"container\" data-e-type=\"container\" data-settings=\"{&quot;background_background&quot;:&quot;classic&quot;}\">\n\t\t\t\t\t<div class=\"e-con-inner\">\n\t\t<div class=\"elementor-element elementor-element-07470f7 e-con-full e-flex e-con e-child\" data-id=\"07470f7\" data-element_type=\"container\" data-e-type=\"container\">\n\t\t<div class=\"elementor-element elementor-element-29fbcdf e-con-full e-flex e-con e-child\" data-id=\"29fbcdf\" data-element_type=\"container\" data-e-type=\"container\">\n\t\t\t\t<div class=\"elementor-element elementor-element-0c2bf19 elementor-widget__width-initial elementor-widget-divider--view-line elementor-widget elementor-widget-divider\" data-id=\"0c2bf19\" data-element_type=\"widget\" data-e-type=\"widget\" data-widget_type=\"divider.default\">\n\t\t\t\t\t\t\t<div class=\"elementor-divider\">\n\t\t\t<span class=\"elementor-divider-separator\">\n\t\t\t\t\t\t<\/span>\n\t\t<\/div>\n\t\t\t\t\t\t<\/div>\n\t\t\t\t<div class=\"elementor-element elementor-element-f37dcbf elementor-invisible elementor-widget elementor-widget-heading\" data-id=\"f37dcbf\" data-element_type=\"widget\" data-e-type=\"widget\" data-settings=\"{&quot;_animation&quot;:&quot;fadeInLeft&quot;}\" data-widget_type=\"heading.default\">\n\t\t\t\t\t<h1 class=\"elementor-heading-title elementor-size-default\">Legal Notices<\/h1>\t\t\t\t<\/div>\n\t\t\t\t<\/div>\n\t\t\t\t<div class=\"elementor-element elementor-element-43c3aaa elementor-widget__width-initial elementor-absolute elementor-view-default elementor-invisible elementor-widget elementor-widget-icon\" data-id=\"43c3aaa\" data-element_type=\"widget\" data-e-type=\"widget\" data-settings=\"{&quot;_position&quot;:&quot;absolute&quot;,&quot;_animation&quot;:&quot;fadeIn&quot;}\" data-widget_type=\"icon.default\">\n\t\t\t\t\t\t\t<div class=\"elementor-icon-wrapper\">\n\t\t\t<div class=\"elementor-icon\">\n\t\t\t<svg aria-hidden=\"true\" class=\"e-font-icon-svg e-far-square\" viewbox=\"0 0 448 512\" xmlns=\"http:\/\/www.w3.org\/2000\/svg\"><path d=\"M400 32H48C21.5 32 0 53.5 0 80v352c0 26.5 21.5 48 48 48h352c26.5 0 48-21.5 48-48V80c0-26.5-21.5-48-48-48zm-6 400H54c-3.3 0-6-2.7-6-6V86c0-3.3 2.7-6 6-6h340c3.3 0 6 2.7 6 6v340c0 3.3-2.7 6-6 6z\"><\/path><\/svg>\t\t\t<\/div>\n\t\t<\/div>\n\t\t\t\t\t\t<\/div>\n\t\t\t\t<\/div>\n\t\t<div class=\"elementor-element elementor-element-da84d7e e-con-full e-flex e-con e-child\" data-id=\"da84d7e\" data-element_type=\"container\" data-e-type=\"container\">\n\t\t\t\t<\/div>\n\t\t\t\t\t<\/div>\n\t\t\t\t<\/div>\n\t\t<div class=\"elementor-element elementor-element-9bce250 e-flex e-con-boxed e-con e-parent\" data-id=\"9bce250\" data-element_type=\"container\" data-e-type=\"container\">\n\t\t\t\t\t<div class=\"e-con-inner\">\n\t\t\t\t<div class=\"elementor-element elementor-element-e6d8a67 elementor-widget elementor-widget-text-editor\" data-id=\"e6d8a67\" data-element_type=\"widget\" data-e-type=\"widget\" data-widget_type=\"text-editor.default\">\n\t\t\t\t\t\t\t\t\t<h5>1 \u2014 Website Editor<\/h5><p><strong>OREANCE EXECUTIVES<\/strong> Simplified joint-stock company with a single shareholder (SASU)<\/p><p>Share capital: \u20ac10,000<\/p><p>Head office: 4 Place Louis Armand, Clock Tower, 75012 Paris<\/p><p>SIREN: 793 854 167<\/p><p>SIRET: 793 854 167 00020 RCS Paris<\/p><p>Intra-Community VAT number: FR83 793 854 167<\/p><p>NAF code: 8559B \u2014 Other teaching<\/p><p>President: Harry Abisur<\/p><p>Contact : <a href=\"mailto:contact@oreance-executives.com\">contact@oreance-executives.com<\/a><\/p><h5>2 \u2014 Publication Director<\/h5><p>Harry Abisur, President of OREANCE EXECUTIVES<\/p><h5>3 \u2014 Design and implementation<\/h5><p>Web Coast<\/p><h5>4 \u2014 Accommodation<\/h5><p><strong>O2Switch<\/strong><\/p><p>SARL with capital of \u20ac100,000<\/p><p>Registered office: Chemin des Pardiaux, 63000 Clermont-Ferrand<\/p><p>RCS Clermont-Ferrand: 510 909 807<\/p><h5>5 \u2014 Intellectual Property<\/h5><p>All content on the oreance-executive.fr website \u2014 texts, visuals, logos, structure and architecture \u2014 are the exclusive property of OREANCE EXECUTIVES or their respective authors, and are protected by French and international laws relating to intellectual property.<\/p><p>Any reproduction, representation, modification, publication or adaptation of all or part of the elements of the site, regardless of the means or process used, is prohibited without prior written authorization from OREANCE EXECUTIVES.<\/p><h5>6 \u2014 Hyperlinks<\/h5><p>The website oreance-executive.fr may contain links to third-party websites. OREANCE EXECUTIVES cannot be held responsible for the content of these websites or the privacy practices applied to them.<\/p><h5>7 \u2014 Limitation of Liability<\/h5><p>OREANCE EXECUTIVES strives to ensure the accuracy and timeliness of the information published on this site. However, the company cannot guarantee the completeness or error-free nature of the information published, and reserves the right to modify it at any time without prior notice.<\/p><h5>8 \u2014 Personal data &amp; cookies<\/h5><p>In accordance with the General Data Protection Regulation (GDPR \u2014 EU Regulation 2016\/679) and the amended French Data Protection Act of 6 January 1978, you have the right to access, rectify, delete and transfer your personal data, as well as the right to object to the processing of your data.<\/p><p>To exercise these rights, please contact us at the following address: <a href=\"mailto:contact@oreance-executives.com\">contact@oreance-executives.com<\/a><\/p><p>For further information on the protection of personal data, you can consult the website of the National Commission for Information Technology and Civil Liberties: <a href=\"http:\/\/www.cnil.fr\">www.cnil.fr<\/a><\/p><h5>9 \u2014 Applicable Law<\/h5><p>These legal notices are governed by French law. In the event of a dispute, the competent courts will be those within the jurisdiction of the Court of Appeal of Paris.<\/p><p>\u00a0<\/p>\t\t\t\t\t\t\t\t<\/div>\n\t\t\t\t\t<\/div>\n\t\t\t\t<\/div>\n\t\t\t\t<section class=\"elementor-section elementor-top-section elementor-element elementor-element-2068150e elementor-section-boxed elementor-section-height-default elementor-section-height-default\" data-id=\"2068150e\" data-element_type=\"section\" data-e-type=\"section\">\n\t\t\t\t\t\t<div class=\"elementor-container elementor-column-gap-default\">\n\t\t\t\t\t<div class=\"elementor-column elementor-col-100 elementor-top-column elementor-element elementor-element-21964007\" data-id=\"21964007\" data-element_type=\"column\" data-e-type=\"column\">\n\t\t\t<div class=\"elementor-widget-wrap elementor-element-populated\">\n\t\t\t\t\t\t<div class=\"elementor-element elementor-element-7e657ae5 elementor-widget-divider--view-line elementor-invisible elementor-widget elementor-widget-divider\" data-id=\"7e657ae5\" data-element_type=\"widget\" data-e-type=\"widget\" data-settings=\"{&quot;_animation&quot;:&quot;fadeIn&quot;}\" data-widget_type=\"divider.default\">\n\t\t\t\t\t\t\t<div class=\"elementor-divider\">\n\t\t\t<span class=\"elementor-divider-separator\">\n\t\t\t\t\t\t<\/span>\n\t\t<\/div>\n\t\t\t\t\t\t<\/div>\n\t\t\t\t\t<\/div>\n\t\t<\/div>\n\t\t\t\t\t<\/div>\n\t\t<\/section>\n\t\t\t\t<section class=\"elementor-section elementor-top-section elementor-element elementor-element-309eec79 elementor-section-boxed elementor-section-height-default elementor-section-height-default\" data-id=\"309eec79\" data-element_type=\"section\" data-e-type=\"section\">\n\t\t\t\t\t\t<div class=\"elementor-container elementor-column-gap-default\">\n\t\t\t\t\t<div class=\"elementor-column elementor-col-100 elementor-top-column elementor-element elementor-element-28bb3078\" data-id=\"28bb3078\" data-element_type=\"column\" data-e-type=\"column\">\n\t\t\t<div class=\"elementor-widget-wrap elementor-element-populated\">\n\t\t\t\t\t\t<div class=\"elementor-element elementor-element-1032dd8c elementor-widget-divider--view-line elementor-invisible elementor-widget elementor-widget-divider\" data-id=\"1032dd8c\" data-element_type=\"widget\" data-e-type=\"widget\" data-settings=\"{&quot;_animation&quot;:&quot;fadeIn&quot;}\" data-widget_type=\"divider.default\">\n\t\t\t\t\t\t\t<div class=\"elementor-divider\">\n\t\t\t<span class=\"elementor-divider-separator\">\n\t\t\t\t\t\t<\/span>\n\t\t<\/div>\n\t\t\t\t\t\t<\/div>\n\t\t\t\t\t<\/div>\n\t\t<\/div>\n\t\t\t\t\t<\/div>\n\t\t<\/section>\n\t\t\t\t<\/div>","protected":false},"excerpt":{"rendered":"<p>Mentions L\u00e9gales 1 \u2014 \u00c9diteur du site OREANCE EXECUTIVES Soci\u00e9t\u00e9 par actions simplifi\u00e9e \u00e0 associ\u00e9 unique (SASU) Capital social : 10 000 \u20ac Si\u00e8ge social : 4 Place Louis Armand, Tour de l&rsquo;Horloge, 75012 Paris SIREN : 793 854 167 SIRET : 793 854 167 00020 RCS Paris N\u00b0 TVA intracommunautaire : FR83 793 854 &#8230; <a title=\"Legal Notices\" class=\"read-more\" href=\"https:\/\/www.oreance-executives.com\/en\/mentions-legales\/\" aria-label=\"Read more about Mentions L\u00e9gales\">Read more<\/a><\/p>","protected":false},"author":1,"featured_media":0,"parent":0,"menu_order":0,"comment_status":"closed","ping_status":"closed","template":"elementor_header_footer","meta":{"footnotes":""},"class_list":["post-330","page","type-page","status-publish"],"yoast_head":"<!-- This site is optimized with the Yoast SEO plugin v27.1.1 - https:\/\/yoast.com\/product\/yoast-seo-wordpress\/ -->\n<title>Mentions L\u00e9gales | OREANCE<\/title>\n<meta name=\"robots\" content=\"index, follow, max-snippet:-1, max-image-preview:large, max-video-preview:-1\" \/>\n<link rel=\"canonical\" href=\"https:\/\/www.oreance-executives.com\/en\/legal-notices\/\" \/>\n<meta property=\"og:locale\" content=\"en_GB\" \/>\n<meta property=\"og:type\" content=\"article\" \/>\n<meta property=\"og:title\" content=\"Mentions L\u00e9gales | OREANCE\" \/>\n<meta property=\"og:description\" content=\"Mentions L\u00e9gales 1 \u2014 \u00c9diteur du site OREANCE EXECUTIVES Soci\u00e9t\u00e9 par actions simplifi\u00e9e \u00e0 associ\u00e9 unique (SASU) Capital social : 10 000 \u20ac Si\u00e8ge social : 4 Place Louis Armand, Tour de l&rsquo;Horloge, 75012 Paris SIREN : 793 854 167 SIRET : 793 854 167 00020 RCS Paris N\u00b0 TVA intracommunautaire : FR83 793 854 ... Read more\" \/>\n<meta property=\"og:url\" content=\"https:\/\/www.oreance-executives.com\/en\/legal-notices\/\" \/>\n<meta property=\"og:site_name\" content=\"Oreance\" \/>\n<meta property=\"article:modified_time\" content=\"2026-04-09T10:13:56+00:00\" \/>\n<meta name=\"twitter:card\" content=\"summary_large_image\" \/>\n<meta name=\"twitter:label1\" content=\"Estimated reading time\" \/>\n\t<meta name=\"twitter:data1\" content=\"2 minutes\" \/>\n<script type=\"application\/ld+json\" class=\"yoast-schema-graph\">{\"@context\":\"https:\/\/schema.org\",\"@graph\":[{\"@type\":\"WebPage\",\"@id\":\"https:\/\/www.oreance-executives.com\/mentions-legales\/\",\"url\":\"https:\/\/www.oreance-executives.com\/mentions-legales\/\",\"name\":\"Mentions L\u00e9gales | OREANCE\",\"isPartOf\":{\"@id\":\"https:\/\/www.oreance-executives.com\/#website\"},\"datePublished\":\"2026-04-09T10:12:35+00:00\",\"dateModified\":\"2026-04-09T10:13:56+00:00\",\"breadcrumb\":{\"@id\":\"https:\/\/www.oreance-executives.com\/mentions-legales\/#breadcrumb\"},\"inLanguage\":\"en-GB\",\"potentialAction\":[{\"@type\":\"ReadAction\",\"target\":[\"https:\/\/www.oreance-executives.com\/mentions-legales\/\"]}]},{\"@type\":\"BreadcrumbList\",\"@id\":\"https:\/\/www.oreance-executives.com\/mentions-legales\/#breadcrumb\",\"itemListElement\":[{\"@type\":\"ListItem\",\"position\":1,\"name\":\"Home\",\"item\":\"https:\/\/www.oreance-executives.com\/\"},{\"@type\":\"ListItem\",\"position\":2,\"name\":\"Mentions L\u00e9gales\"}]},{\"@type\":\"WebSite\",\"@id\":\"https:\/\/www.oreance-executives.com\/#website\",\"url\":\"https:\/\/www.oreance-executives.com\/\",\"name\":\"Oreance\",\"description\":\"Coaching et recrutement manag&eacute;rial\",\"publisher\":{\"@id\":\"https:\/\/www.oreance-executives.com\/#organization\"},\"potentialAction\":[{\"@type\":\"SearchAction\",\"target\":{\"@type\":\"EntryPoint\",\"urlTemplate\":\"https:\/\/www.oreance-executives.com\/?s={search_term_string}\"},\"query-input\":{\"@type\":\"PropertyValueSpecification\",\"valueRequired\":true,\"valueName\":\"search_term_string\"}}],\"inLanguage\":\"en-GB\"},{\"@type\":\"Organization\",\"@id\":\"https:\/\/www.oreance-executives.com\/#organization\",\"name\":\"Oreance\",\"url\":\"https:\/\/www.oreance-executives.com\/\",\"logo\":{\"@type\":\"ImageObject\",\"inLanguage\":\"en-GB\",\"@id\":\"https:\/\/www.oreance-executives.com\/#\/schema\/logo\/image\/\",\"url\":\"https:\/\/www.oreance-executives.com\/wp-content\/uploads\/2026\/03\/Logo-oreance-v2.png\",\"contentUrl\":\"https:\/\/www.oreance-executives.com\/wp-content\/uploads\/2026\/03\/Logo-oreance-v2.png\",\"width\":1898,\"height\":448,\"caption\":\"Oreance\"},\"image\":{\"@id\":\"https:\/\/www.oreance-executives.com\/#\/schema\/logo\/image\/\"}}]}<\/script>\n<!-- \/ Yoast SEO plugin. -->","yoast_head_json":{"title":"Legal Notices | OREANCE","robots":{"index":"index","follow":"follow","max-snippet":"max-snippet:-1","max-image-preview":"max-image-preview:large","max-video-preview":"max-video-preview:-1"},"canonical":"https:\/\/www.oreance-executives.com\/en\/legal-notices\/","og_locale":"en_GB","og_type":"article","og_title":"Mentions L\u00e9gales | OREANCE","og_description":"Mentions L\u00e9gales 1 \u2014 \u00c9diteur du site OREANCE EXECUTIVES Soci\u00e9t\u00e9 par actions simplifi\u00e9e \u00e0 associ\u00e9 unique (SASU) Capital social : 10 000 \u20ac Si\u00e8ge social : 4 Place Louis Armand, Tour de l&rsquo;Horloge, 75012 Paris SIREN : 793 854 167 SIRET : 793 854 167 00020 RCS Paris N\u00b0 TVA intracommunautaire : FR83 793 854 ... Read more","og_url":"https:\/\/www.oreance-executives.com\/en\/legal-notices\/","og_site_name":"Oreance","article_modified_time":"2026-04-09T10:13:56+00:00","twitter_card":"summary_large_image","twitter_misc":{"Estimated reading time":"2 minutes"},"schema":{"@context":"https:\/\/schema.org","@graph":[{"@type":"WebPage","@id":"https:\/\/www.oreance-executives.com\/mentions-legales\/","url":"https:\/\/www.oreance-executives.com\/mentions-legales\/","name":"Legal Notices | OREANCE","isPartOf":{"@id":"https:\/\/www.oreance-executives.com\/#website"},"datePublished":"2026-04-09T10:12:35+00:00","dateModified":"2026-04-09T10:13:56+00:00","breadcrumb":{"@id":"https:\/\/www.oreance-executives.com\/mentions-legales\/#breadcrumb"},"inLanguage":"en-GB","potentialAction":[{"@type":"ReadAction","target":["https:\/\/www.oreance-executives.com\/mentions-legales\/"]}]},{"@type":"BreadcrumbList","@id":"https:\/\/www.oreance-executives.com\/mentions-legales\/#breadcrumb","itemListElement":[{"@type":"ListItem","position":1,"name":"Home","item":"https:\/\/www.oreance-executives.com\/"},{"@type":"ListItem","position":2,"name":"Mentions L\u00e9gales"}]},{"@type":"WebSite","@id":"https:\/\/www.oreance-executives.com\/#website","url":"https:\/\/www.oreance-executives.com\/","name":"Oreance","description":"Coaching and management recruitment","publisher":{"@id":"https:\/\/www.oreance-executives.com\/#organization"},"potentialAction":[{"@type":"SearchAction","target":{"@type":"EntryPoint","urlTemplate":"https:\/\/www.oreance-executives.com\/?s={search_term_string}"},"query-input":{"@type":"PropertyValueSpecification","valueRequired":true,"valueName":"search_term_string"}}],"inLanguage":"en-GB"},{"@type":"Organization","@id":"https:\/\/www.oreance-executives.com\/#organization","name":"Oreance","url":"https:\/\/www.oreance-executives.com\/","logo":{"@type":"ImageObject","inLanguage":"en-GB","@id":"https:\/\/www.oreance-executives.com\/#\/schema\/logo\/image\/","url":"https:\/\/www.oreance-executives.com\/wp-content\/uploads\/2026\/03\/Logo-oreance-v2.png","contentUrl":"https:\/\/www.oreance-executives.com\/wp-content\/uploads\/2026\/03\/Logo-oreance-v2.png","width":1898,"height":448,"caption":"Oreance"},"image":{"@id":"https:\/\/www.oreance-executives.com\/#\/schema\/logo\/image\/"}}]}},"_links":{"self":[{"href":"https:\/\/www.oreance-executives.com\/en\/wp-json\/wp\/v2\/pages\/330","targetHints":{"allow":["GET"]}}],"collection":[{"href":"https:\/\/www.oreance-executives.com\/en\/wp-json\/wp\/v2\/pages"}],"about":[{"href":"https:\/\/www.oreance-executives.com\/en\/wp-json\/wp\/v2\/types\/page"}],"author":[{"embeddable":true,"href":"https:\/\/www.oreance-executives.com\/en\/wp-json\/wp\/v2\/users\/1"}],"replies":[{"embeddable":true,"href":"https:\/\/www.oreance-executives.com\/en\/wp-json\/wp\/v2\/comments?post=330"}],"version-history":[{"count":4,"href":"https:\/\/www.oreance-executives.com\/en\/wp-json\/wp\/v2\/pages\/330\/revisions"}],"predecessor-version":[{"id":334,"href":"https:\/\/www.oreance-executives.com\/en\/wp-json\/wp\/v2\/pages\/330\/revisions\/334"}],"wp:attachment":[{"href":"https:\/\/www.oreance-executives.com\/en\/wp-json\/wp\/v2\/media?parent=330"}],"curies":[{"name":"wp","href":"https:\/\/api.w.org\/{rel}","templated":true}]}}