{"id":351,"date":"2026-04-09T13:33:09","date_gmt":"2026-04-09T13:33:09","guid":{"rendered":"https:\/\/www.oreance-executives.com\/?page_id=351"},"modified":"2026-04-09T13:50:47","modified_gmt":"2026-04-09T13:50:47","slug":"news","status":"publish","type":"page","link":"https:\/\/www.oreance-executives.com\/en\/actualites\/","title":{"rendered":"News"},"content":{"rendered":"<div data-elementor-type=\"wp-page\" data-elementor-id=\"351\" class=\"elementor elementor-351\" data-elementor-post-type=\"page\">\n\t\t\t\t<div class=\"elementor-element elementor-element-85d949d e-flex e-con-boxed e-con e-parent\" data-id=\"85d949d\" data-element_type=\"container\" data-e-type=\"container\" data-settings=\"{&quot;background_background&quot;:&quot;classic&quot;}\">\n\t\t\t\t\t<div class=\"e-con-inner\">\n\t\t<div class=\"elementor-element elementor-element-07470f7 e-con-full e-flex e-con e-child\" data-id=\"07470f7\" data-element_type=\"container\" data-e-type=\"container\">\n\t\t<div class=\"elementor-element elementor-element-29fbcdf e-con-full e-flex e-con e-child\" data-id=\"29fbcdf\" data-element_type=\"container\" data-e-type=\"container\">\n\t\t\t\t<div class=\"elementor-element elementor-element-0c2bf19 elementor-widget__width-initial elementor-widget-divider--view-line elementor-widget elementor-widget-divider\" data-id=\"0c2bf19\" data-element_type=\"widget\" data-e-type=\"widget\" data-widget_type=\"divider.default\">\n\t\t\t\t\t\t\t<div class=\"elementor-divider\">\n\t\t\t<span class=\"elementor-divider-separator\">\n\t\t\t\t\t\t<\/span>\n\t\t<\/div>\n\t\t\t\t\t\t<\/div>\n\t\t\t\t<div class=\"elementor-element elementor-element-f37dcbf elementor-invisible elementor-widget elementor-widget-heading\" data-id=\"f37dcbf\" data-element_type=\"widget\" data-e-type=\"widget\" data-settings=\"{&quot;_animation&quot;:&quot;fadeInLeft&quot;}\" data-widget_type=\"heading.default\">\n\t\t\t\t\t<h1 class=\"elementor-heading-title elementor-size-default\">News<\/h1>\t\t\t\t<\/div>\n\t\t\t\t<\/div>\n\t\t\t\t<div class=\"elementor-element elementor-element-403f82d elementor-widget elementor-widget-text-editor\" data-id=\"403f82d\" data-element_type=\"widget\" data-e-type=\"widget\" data-widget_type=\"text-editor.default\">\n\t\t\t\t\t\t\t\t\t<p>Executive recruitment, management coaching, leadership, change management \u2014 our team shares here its reflections, feedback and points of view on the human and strategic challenges that drive today&#039;s organizations.<\/p>\t\t\t\t\t\t\t\t<\/div>\n\t\t\t\t<div class=\"elementor-element elementor-element-43c3aaa elementor-widget__width-initial elementor-absolute elementor-view-default elementor-invisible elementor-widget elementor-widget-icon\" data-id=\"43c3aaa\" data-element_type=\"widget\" data-e-type=\"widget\" data-settings=\"{&quot;_position&quot;:&quot;absolute&quot;,&quot;_animation&quot;:&quot;fadeIn&quot;}\" data-widget_type=\"icon.default\">\n\t\t\t\t\t\t\t<div class=\"elementor-icon-wrapper\">\n\t\t\t<div class=\"elementor-icon\">\n\t\t\t<svg aria-hidden=\"true\" class=\"e-font-icon-svg e-far-square\" viewbox=\"0 0 448 512\" xmlns=\"http:\/\/www.w3.org\/2000\/svg\"><path d=\"M400 32H48C21.5 32 0 53.5 0 80v352c0 26.5 21.5 48 48 48h352c26.5 0 48-21.5 48-48V80c0-26.5-21.5-48-48-48zm-6 400H54c-3.3 0-6-2.7-6-6V86c0-3.3 2.7-6 6-6h340c3.3 0 6 2.7 6 6v340c0 3.3-2.7 6-6 6z\"><\/path><\/svg>\t\t\t<\/div>\n\t\t<\/div>\n\t\t\t\t\t\t<\/div>\n\t\t\t\t<\/div>\n\t\t<div class=\"elementor-element elementor-element-da84d7e e-con-full e-flex e-con e-child\" data-id=\"da84d7e\" data-element_type=\"container\" data-e-type=\"container\">\n\t\t\t\t<\/div>\n\t\t\t\t\t<\/div>\n\t\t\t\t<\/div>\n\t\t\t\t<section class=\"elementor-section elementor-top-section elementor-element elementor-element-777cebc0 elementor-section-boxed elementor-section-height-default elementor-section-height-default\" data-id=\"777cebc0\" data-element_type=\"section\" data-e-type=\"section\">\n\t\t\t\t\t\t<div class=\"elementor-container elementor-column-gap-default\">\n\t\t\t\t\t<div class=\"elementor-column elementor-col-100 elementor-top-column elementor-element elementor-element-7d273851\" data-id=\"7d273851\" data-element_type=\"column\" data-e-type=\"column\">\n\t\t\t<div class=\"elementor-widget-wrap elementor-element-populated\">\n\t\t\t\t\t\t<div class=\"elementor-element elementor-element-da2b962 elementor-grid-2 elementor-posts--align-center elementor-grid-tablet-2 elementor-grid-mobile-1 elementor-posts--thumbnail-top load-more-align-center elementor-widget elementor-widget-posts\" data-id=\"da2b962\" data-element_type=\"widget\" data-e-type=\"widget\" data-settings=\"{&quot;classic_columns&quot;:&quot;2&quot;,&quot;pagination_type&quot;:&quot;load_more_on_click&quot;,&quot;classic_columns_tablet&quot;:&quot;2&quot;,&quot;classic_columns_mobile&quot;:&quot;1&quot;,&quot;classic_row_gap&quot;:{&quot;unit&quot;:&quot;px&quot;,&quot;size&quot;:35,&quot;sizes&quot;:[]},&quot;classic_row_gap_tablet&quot;:{&quot;unit&quot;:&quot;px&quot;,&quot;size&quot;:&quot;&quot;,&quot;sizes&quot;:[]},&quot;classic_row_gap_mobile&quot;:{&quot;unit&quot;:&quot;px&quot;,&quot;size&quot;:&quot;&quot;,&quot;sizes&quot;:[]},&quot;load_more_spinner&quot;:{&quot;value&quot;:&quot;fas fa-spinner&quot;,&quot;library&quot;:&quot;fa-solid&quot;}}\" data-widget_type=\"posts.classic\">\n\t\t\t\t<div class=\"elementor-widget-container\">\n\t\t\t\t\t\t\t<div class=\"elementor-posts-container elementor-posts elementor-posts--skin-classic elementor-grid\" role=\"list\">\n\t\t\t\t<article class=\"elementor-post elementor-grid-item post-373 post type-post status-publish format-standard has-post-thumbnail hentry category-uncategorized\" role=\"listitem\">\n\t\t\t\t<a class=\"elementor-post__thumbnail__link\" href=\"https:\/\/www.oreance-executives.com\/en\/recrutement-dirigeants-approche-directe\/\" tabindex=\"-1\" >\n\t\t\t<div class=\"elementor-post__thumbnail\"><img fetchpriority=\"high\" decoding=\"async\" width=\"1000\" height=\"777\" src=\"https:\/\/www.oreance-executives.com\/wp-content\/uploads\/2026\/04\/2151937265.jpg\" class=\"attachment-full size-full wp-image-279\" alt=\"recruitment in the legal sector\" srcset=\"https:\/\/www.oreance-executives.com\/wp-content\/uploads\/2026\/04\/2151937265.jpg 1000w, https:\/\/www.oreance-executives.com\/wp-content\/uploads\/2026\/04\/2151937265-300x233.jpg 300w, https:\/\/www.oreance-executives.com\/wp-content\/uploads\/2026\/04\/2151937265-768x597.jpg 768w\" sizes=\"(max-width: 1000px) 100vw, 1000px\" \/><\/div>\n\t\t<\/a>\n\t\t\t\t<div class=\"elementor-post__text\">\n\t\t\t\t<h3 class=\"elementor-post__title\">\n\t\t\t<a href=\"https:\/\/www.oreance-executives.com\/en\/recrutement-dirigeants-approche-directe\/\" >\n\t\t\t\tExecutive recruitment: why the direct approach makes the difference\t\t\t<\/a>\n\t\t<\/h3>\n\t\t\t\t<div class=\"elementor-post__meta-data\">\n\t\t\t\t\t<span class=\"elementor-post-date\">\n\t\t\tApril 9, 2026\t\t<\/span>\n\t\t\t\t<\/div>\n\t\t\t\t<\/div>\n\t\t\t\t<\/article>\n\t\t\t\t<article class=\"elementor-post elementor-grid-item post-356 post type-post status-publish format-standard has-post-thumbnail hentry category-uncategorized\" role=\"listitem\">\n\t\t\t\t<a class=\"elementor-post__thumbnail__link\" href=\"https:\/\/www.oreance-executives.com\/en\/coaching-managerial-pas-une-formation\/\" tabindex=\"-1\" >\n\t\t\t<div class=\"elementor-post__thumbnail\"><img decoding=\"async\" width=\"1000\" height=\"667\" src=\"https:\/\/www.oreance-executives.com\/wp-content\/uploads\/2026\/04\/2149300712.jpg\" class=\"attachment-full size-full wp-image-357\" alt=\"\" srcset=\"https:\/\/www.oreance-executives.com\/wp-content\/uploads\/2026\/04\/2149300712.jpg 1000w, https:\/\/www.oreance-executives.com\/wp-content\/uploads\/2026\/04\/2149300712-300x200.jpg 300w, https:\/\/www.oreance-executives.com\/wp-content\/uploads\/2026\/04\/2149300712-768x512.jpg 768w\" sizes=\"(max-width: 1000px) 100vw, 1000px\" \/><\/div>\n\t\t<\/a>\n\t\t\t\t<div class=\"elementor-post__text\">\n\t\t\t\t<h3 class=\"elementor-post__title\">\n\t\t\t<a href=\"https:\/\/www.oreance-executives.com\/en\/coaching-managerial-pas-une-formation\/\" >\n\t\t\t\tWhy management coaching is not like other training programs\t\t\t<\/a>\n\t\t<\/h3>\n\t\t\t\t<div class=\"elementor-post__meta-data\">\n\t\t\t\t\t<span class=\"elementor-post-date\">\n\t\t\tApril 9, 2026\t\t<\/span>\n\t\t\t\t<\/div>\n\t\t\t\t<\/div>\n\t\t\t\t<\/article>\n\t\t\t\t<\/div>\n\t\t\t\t\t<span class=\"e-load-more-spinner\">\n\t\t\t\t<svg aria-hidden=\"true\" class=\"e-font-icon-svg e-fas-spinner\" viewbox=\"0 0 512 512\" xmlns=\"http:\/\/www.w3.org\/2000\/svg\"><path d=\"M304 48c0 26.51-21.49 48-48 48s-48-21.49-48-48 21.49-48 48-48 48 21.49 48 48zm-48 368c-26.51 0-48 21.49-48 48s21.49 48 48 48 48-21.49 48-48-21.49-48-48-48zm208-208c-26.51 0-48 21.49-48 48s21.49 48 48 48 48-21.49 48-48-21.49-48-48-48zM96 256c0-26.51-21.49-48-48-48S0 229.49 0 256s21.49 48 48 48 48-21.49 48-48zm12.922 99.078c-26.51 0-48 21.49-48 48s21.49 48 48 48 48-21.49 48-48c0-26.509-21.491-48-48-48zm294.156 0c-26.51 0-48 21.49-48 48s21.49 48 48 48 48-21.49 48-48c0-26.509-21.49-48-48-48zM108.922 60.922c-26.51 0-48 21.49-48 48s21.49 48 48 48 48-21.49 48-48-21.491-48-48-48z\"><\/path><\/svg>\t\t\t<\/span>\n\t\t\n\t\t\t\t\t\t<\/div>\n\t\t\t\t<\/div>\n\t\t\t\t\t<\/div>\n\t\t<\/div>\n\t\t\t\t\t<\/div>\n\t\t<\/section>\n\t\t\t\t<section class=\"elementor-section elementor-top-section elementor-element elementor-element-3330ddba elementor-section-boxed elementor-section-height-default elementor-section-height-default\" data-id=\"3330ddba\" data-element_type=\"section\" data-e-type=\"section\">\n\t\t\t\t\t\t<div class=\"elementor-container elementor-column-gap-default\">\n\t\t\t\t\t<div class=\"elementor-column elementor-col-100 elementor-top-column elementor-element elementor-element-5fb020e4\" data-id=\"5fb020e4\" data-element_type=\"column\" data-e-type=\"column\">\n\t\t\t<div class=\"elementor-widget-wrap elementor-element-populated\">\n\t\t\t\t\t\t<div class=\"elementor-element elementor-element-2a56c7e2 elementor-widget-divider--view-line elementor-invisible elementor-widget elementor-widget-divider\" data-id=\"2a56c7e2\" data-element_type=\"widget\" data-e-type=\"widget\" data-settings=\"{&quot;_animation&quot;:&quot;fadeIn&quot;}\" data-widget_type=\"divider.default\">\n\t\t\t\t\t\t\t<div class=\"elementor-divider\">\n\t\t\t<span class=\"elementor-divider-separator\">\n\t\t\t\t\t\t<\/span>\n\t\t<\/div>\n\t\t\t\t\t\t<\/div>\n\t\t\t\t\t<\/div>\n\t\t<\/div>\n\t\t\t\t\t<\/div>\n\t\t<\/section>\n\t\t\t\t<\/div>","protected":false},"excerpt":{"rendered":"<p>Actualit\u00e9s Recrutement de cadres dirigeants, coaching manag\u00e9rial, leadership, conduite du changement \u2014 notre \u00e9quipe partage ici ses r\u00e9flexions, retours d&rsquo;exp\u00e9rience et points de vue sur<\/p>","protected":false},"author":1,"featured_media":0,"parent":0,"menu_order":0,"comment_status":"closed","ping_status":"closed","template":"elementor_header_footer","meta":{"footnotes":""},"class_list":["post-351","page","type-page","status-publish","hentry"],"yoast_head":"<!-- This site is optimized with the Yoast SEO plugin v27.1.1 - https:\/\/yoast.com\/product\/yoast-seo-wordpress\/ -->\n<title>Actualit\u00e9s &amp; Conseils en Executive Search et Coaching Manag\u00e9rial | OREANCE<\/title>\n<meta name=\"description\" content=\"Retrouvez les r\u00e9flexions et conseils d&#039;OREANCE sur le recrutement de cadres dirigeants, le coaching manag\u00e9rial et le d\u00e9veloppement du leadership.\" \/>\n<meta name=\"robots\" content=\"index, follow, max-snippet:-1, max-image-preview:large, max-video-preview:-1\" \/>\n<link rel=\"canonical\" href=\"https:\/\/www.oreance-executives.com\/en\/news\/\" \/>\n<meta property=\"og:locale\" content=\"en_GB\" \/>\n<meta property=\"og:type\" content=\"article\" \/>\n<meta property=\"og:title\" content=\"Actualit\u00e9s &amp; Conseils en Executive Search et Coaching Manag\u00e9rial | OREANCE\" \/>\n<meta property=\"og:description\" content=\"Retrouvez les r\u00e9flexions et conseils d&#039;OREANCE sur le recrutement de cadres dirigeants, le coaching manag\u00e9rial et le d\u00e9veloppement du leadership.\" \/>\n<meta property=\"og:url\" content=\"https:\/\/www.oreance-executives.com\/en\/news\/\" \/>\n<meta property=\"og:site_name\" content=\"Oreance\" \/>\n<meta property=\"article:modified_time\" content=\"2026-04-09T13:50:47+00:00\" \/>\n<meta name=\"twitter:card\" content=\"summary_large_image\" \/>\n<meta name=\"twitter:label1\" content=\"Estimated reading time\" \/>\n\t<meta name=\"twitter:data1\" content=\"1 minute\" \/>\n<script type=\"application\/ld+json\" class=\"yoast-schema-graph\">{\"@context\":\"https:\/\/schema.org\",\"@graph\":[{\"@type\":\"WebPage\",\"@id\":\"https:\/\/www.oreance-executives.com\/actualites\/\",\"url\":\"https:\/\/www.oreance-executives.com\/actualites\/\",\"name\":\"Actualit\u00e9s & Conseils en Executive Search et Coaching Manag\u00e9rial | OREANCE\",\"isPartOf\":{\"@id\":\"https:\/\/www.oreance-executives.com\/#website\"},\"datePublished\":\"2026-04-09T13:33:09+00:00\",\"dateModified\":\"2026-04-09T13:50:47+00:00\",\"description\":\"Retrouvez les r\u00e9flexions et conseils d'OREANCE sur le recrutement de cadres dirigeants, le coaching manag\u00e9rial et le d\u00e9veloppement du leadership.\",\"breadcrumb\":{\"@id\":\"https:\/\/www.oreance-executives.com\/actualites\/#breadcrumb\"},\"inLanguage\":\"en-GB\",\"potentialAction\":[{\"@type\":\"ReadAction\",\"target\":[\"https:\/\/www.oreance-executives.com\/actualites\/\"]}]},{\"@type\":\"BreadcrumbList\",\"@id\":\"https:\/\/www.oreance-executives.com\/actualites\/#breadcrumb\",\"itemListElement\":[{\"@type\":\"ListItem\",\"position\":1,\"name\":\"Home\",\"item\":\"https:\/\/www.oreance-executives.com\/\"},{\"@type\":\"ListItem\",\"position\":2,\"name\":\"Actualit\u00e9s\"}]},{\"@type\":\"WebSite\",\"@id\":\"https:\/\/www.oreance-executives.com\/#website\",\"url\":\"https:\/\/www.oreance-executives.com\/\",\"name\":\"Oreance\",\"description\":\"Coaching et recrutement manag&eacute;rial\",\"publisher\":{\"@id\":\"https:\/\/www.oreance-executives.com\/#organization\"},\"potentialAction\":[{\"@type\":\"SearchAction\",\"target\":{\"@type\":\"EntryPoint\",\"urlTemplate\":\"https:\/\/www.oreance-executives.com\/?s={search_term_string}\"},\"query-input\":{\"@type\":\"PropertyValueSpecification\",\"valueRequired\":true,\"valueName\":\"search_term_string\"}}],\"inLanguage\":\"en-GB\"},{\"@type\":\"Organization\",\"@id\":\"https:\/\/www.oreance-executives.com\/#organization\",\"name\":\"Oreance\",\"url\":\"https:\/\/www.oreance-executives.com\/\",\"logo\":{\"@type\":\"ImageObject\",\"inLanguage\":\"en-GB\",\"@id\":\"https:\/\/www.oreance-executives.com\/#\/schema\/logo\/image\/\",\"url\":\"https:\/\/www.oreance-executives.com\/wp-content\/uploads\/2026\/03\/Logo-oreance-v2.png\",\"contentUrl\":\"https:\/\/www.oreance-executives.com\/wp-content\/uploads\/2026\/03\/Logo-oreance-v2.png\",\"width\":1898,\"height\":448,\"caption\":\"Oreance\"},\"image\":{\"@id\":\"https:\/\/www.oreance-executives.com\/#\/schema\/logo\/image\/\"}}]}<\/script>\n<!-- \/ Yoast SEO plugin. -->","yoast_head_json":{"title":"News &amp; Advice on Executive Search and Management Coaching | OREANCE","description":"Discover OREANCE&#039;s insights and advice on executive recruitment, management coaching, and leadership development.","robots":{"index":"index","follow":"follow","max-snippet":"max-snippet:-1","max-image-preview":"max-image-preview:large","max-video-preview":"max-video-preview:-1"},"canonical":"https:\/\/www.oreance-executives.com\/en\/news\/","og_locale":"en_GB","og_type":"article","og_title":"Actualit\u00e9s & Conseils en Executive Search et Coaching Manag\u00e9rial | OREANCE","og_description":"Retrouvez les r\u00e9flexions et conseils d'OREANCE sur le recrutement de cadres dirigeants, le coaching manag\u00e9rial et le d\u00e9veloppement du leadership.","og_url":"https:\/\/www.oreance-executives.com\/en\/news\/","og_site_name":"Oreance","article_modified_time":"2026-04-09T13:50:47+00:00","twitter_card":"summary_large_image","twitter_misc":{"Estimated reading time":"1 minute"},"schema":{"@context":"https:\/\/schema.org","@graph":[{"@type":"WebPage","@id":"https:\/\/www.oreance-executives.com\/actualites\/","url":"https:\/\/www.oreance-executives.com\/actualites\/","name":"News &amp; Advice on Executive Search and Management Coaching | OREANCE","isPartOf":{"@id":"https:\/\/www.oreance-executives.com\/#website"},"datePublished":"2026-04-09T13:33:09+00:00","dateModified":"2026-04-09T13:50:47+00:00","description":"Discover OREANCE&#039;s insights and advice on executive recruitment, management coaching, and leadership development.","breadcrumb":{"@id":"https:\/\/www.oreance-executives.com\/actualites\/#breadcrumb"},"inLanguage":"en-GB","potentialAction":[{"@type":"ReadAction","target":["https:\/\/www.oreance-executives.com\/actualites\/"]}]},{"@type":"BreadcrumbList","@id":"https:\/\/www.oreance-executives.com\/actualites\/#breadcrumb","itemListElement":[{"@type":"ListItem","position":1,"name":"Home","item":"https:\/\/www.oreance-executives.com\/"},{"@type":"ListItem","position":2,"name":"Actualit\u00e9s"}]},{"@type":"WebSite","@id":"https:\/\/www.oreance-executives.com\/#website","url":"https:\/\/www.oreance-executives.com\/","name":"Oreance","description":"Coaching and management recruitment","publisher":{"@id":"https:\/\/www.oreance-executives.com\/#organization"},"potentialAction":[{"@type":"SearchAction","target":{"@type":"EntryPoint","urlTemplate":"https:\/\/www.oreance-executives.com\/?s={search_term_string}"},"query-input":{"@type":"PropertyValueSpecification","valueRequired":true,"valueName":"search_term_string"}}],"inLanguage":"en-GB"},{"@type":"Organization","@id":"https:\/\/www.oreance-executives.com\/#organization","name":"Oreance","url":"https:\/\/www.oreance-executives.com\/","logo":{"@type":"ImageObject","inLanguage":"en-GB","@id":"https:\/\/www.oreance-executives.com\/#\/schema\/logo\/image\/","url":"https:\/\/www.oreance-executives.com\/wp-content\/uploads\/2026\/03\/Logo-oreance-v2.png","contentUrl":"https:\/\/www.oreance-executives.com\/wp-content\/uploads\/2026\/03\/Logo-oreance-v2.png","width":1898,"height":448,"caption":"Oreance"},"image":{"@id":"https:\/\/www.oreance-executives.com\/#\/schema\/logo\/image\/"}}]}},"_links":{"self":[{"href":"https:\/\/www.oreance-executives.com\/en\/wp-json\/wp\/v2\/pages\/351","targetHints":{"allow":["GET"]}}],"collection":[{"href":"https:\/\/www.oreance-executives.com\/en\/wp-json\/wp\/v2\/pages"}],"about":[{"href":"https:\/\/www.oreance-executives.com\/en\/wp-json\/wp\/v2\/types\/page"}],"author":[{"embeddable":true,"href":"https:\/\/www.oreance-executives.com\/en\/wp-json\/wp\/v2\/users\/1"}],"replies":[{"embeddable":true,"href":"https:\/\/www.oreance-executives.com\/en\/wp-json\/wp\/v2\/comments?post=351"}],"version-history":[{"count":11,"href":"https:\/\/www.oreance-executives.com\/en\/wp-json\/wp\/v2\/pages\/351\/revisions"}],"predecessor-version":[{"id":370,"href":"https:\/\/www.oreance-executives.com\/en\/wp-json\/wp\/v2\/pages\/351\/revisions\/370"}],"wp:attachment":[{"href":"https:\/\/www.oreance-executives.com\/en\/wp-json\/wp\/v2\/media?parent=351"}],"curies":[{"name":"wp","href":"https:\/\/api.w.org\/{rel}","templated":true}]}}